{"id":735,"date":"2024-08-28T15:57:41","date_gmt":"2024-08-28T13:57:41","guid":{"rendered":"http:\/\/wong.cyteq.cloud\/?page_id=735"},"modified":"2024-11-29T16:20:08","modified_gmt":"2024-11-29T15:20:08","slug":"praxis","status":"publish","type":"page","link":"https:\/\/www.plastcouture.de\/en\/praxis\/","title":{"rendered":"Office"},"content":{"rendered":"<div data-elementor-type=\"wp-page\" data-elementor-id=\"735\" class=\"elementor elementor-735\" data-elementor-post-type=\"page\">\n\t\t\t\t<div class=\"elementor-element elementor-element-52d4a520 e-flex e-con-boxed e-con e-parent\" data-id=\"52d4a520\" data-element_type=\"container\" data-e-type=\"container\" data-settings=\"{&quot;background_background&quot;:&quot;classic&quot;}\">\n\t\t\t\t\t<div class=\"e-con-inner\">\n\t\t\t\t<div class=\"elementor-element elementor-element-7d668de9 elementor-widget elementor-widget-heading\" data-id=\"7d668de9\" data-element_type=\"widget\" data-e-type=\"widget\" data-widget_type=\"heading.default\">\n\t\t\t\t\t<h1 class=\"elementor-heading-title elementor-size-default\">PlastCouture<\/h1>\t\t\t\t<\/div>\n\t\t\t\t\t<\/div>\n\t\t\t\t<\/div>\n\t\t<div class=\"elementor-element elementor-element-91c2c0e e-flex e-con-boxed e-con e-parent\" data-id=\"91c2c0e\" data-element_type=\"container\" data-e-type=\"container\">\n\t\t\t\t\t<div class=\"e-con-inner\">\n\t\t\t\t<div class=\"elementor-element elementor-element-68edce6 elementor-widget elementor-widget-heading\" data-id=\"68edce6\" data-element_type=\"widget\" data-e-type=\"widget\" data-widget_type=\"heading.default\">\n\t\t\t\t\t<h2 class=\"elementor-heading-title elementor-size-default\">Private practice for Plastic-Aesthetic Surgery in Bad Neuenahr<\/h2>\t\t\t\t<\/div>\n\t\t<div class=\"elementor-element elementor-element-0be7a79 e-con-full e-flex e-con e-child\" data-id=\"0be7a79\" data-element_type=\"container\" data-e-type=\"container\">\n\t\t<div class=\"elementor-element elementor-element-6a759a0 e-con-full e-flex e-con e-child\" data-id=\"6a759a0\" data-element_type=\"container\" data-e-type=\"container\">\n\t\t\t\t<div class=\"elementor-element elementor-element-a1a5392 elementor-widget elementor-widget-text-editor\" data-id=\"a1a5392\" data-element_type=\"widget\" data-e-type=\"widget\" data-widget_type=\"text-editor.default\">\n\t\t\t\t\t\t\t\t\t<p><strong>From eyelid corrections to facelifts to anti-aging treatments \u2013<\/strong><br \/><strong>PlastCouture offers a wide range of Plastic-Aesthetic services<\/strong><\/p><p>Among facial surgical procedures are upper and lower eyelid surgery, face and neck lifts, injections with autologous fat, earlobe corrections, and lip augmentations.<\/p><p>Our body contouring surgery services include upper arm and thigh lifts, tummy tucks (abdominoplasty) and liposuction. In the field of non-invasive fat removal (without surgery), we have more than eight years of experience with the CoolSculpting\u00ae ELITE cryolipolysis procedure. We also offer intimate surgical procedures such as labiaplasty. There are also extensive options for hand rejuvenation.<\/p><p>Our team has particularly extensive experience in the non-invasive wrinkle treatment sector: applications with botulinum toxin (e.g. Botox\u00ae), biostimulators and bioactivators such as polynucleotides and thread lifting for wrinkle treatment are offered.<\/p><p>The correction of cosmetically and functionally disturbing scars and the surgical removal of skin cancer (e.g. white or black skin cancer) are also among the treatment options.<\/p>\t\t\t\t\t\t\t\t<\/div>\n\t\t\t\t<\/div>\n\t\t<div class=\"elementor-element elementor-element-ac33b02 e-con-full e-flex e-con e-child\" data-id=\"ac33b02\" data-element_type=\"container\" data-e-type=\"container\">\n\t\t\t\t<div class=\"elementor-element elementor-element-afd5a8c elementor-widget elementor-widget-text-editor\" data-id=\"afd5a8c\" data-element_type=\"widget\" data-e-type=\"widget\" data-widget_type=\"text-editor.default\">\n\t\t\t\t\t\t\t\t\t<p><span style=\"text-align: var(--text-align);\">Why Dr. Peggy Wong?<\/span><\/p><ul><li><strong>Many years of experience and aesthetic feeling<\/strong><br \/>Dr. Peggy Wong has more than 25 years of experience in plastic surgery and has completed in-depth training in reconstructive and aesthetic surgery.<br \/>In addition, she is characterized by a special aesthetic sense.<\/li><li><strong>Individual consultation<\/strong><br \/>Our focus is on the individual. We take the time to understand your wishes and needs and offer you a tailor-made solution.<\/li><li><strong>Safety and comfort<\/strong><br \/>State-of-the-art technology and the highest standards of hygiene ensure your safety and an attractive treatment result.<\/li><\/ul><p>\u00a0<\/p>\t\t\t\t\t\t\t\t<\/div>\n\t\t\t\t<div class=\"elementor-element elementor-element-5b11d4c elementor-widget elementor-widget-text-editor\" data-id=\"5b11d4c\" data-element_type=\"widget\" data-e-type=\"widget\" data-widget_type=\"text-editor.default\">\n\t\t\t\t\t\t\t\t\t<p>Our treatment process<\/p>\t\t\t\t\t\t\t\t<\/div>\n\t\t\t\t<div class=\"elementor-element elementor-element-9f6685c elementor-widget elementor-widget-n-accordion\" data-id=\"9f6685c\" data-element_type=\"widget\" data-e-type=\"widget\" data-settings=\"{&quot;default_state&quot;:&quot;all_collapsed&quot;,&quot;max_items_expended&quot;:&quot;one&quot;,&quot;n_accordion_animation_duration&quot;:{&quot;unit&quot;:&quot;ms&quot;,&quot;size&quot;:400,&quot;sizes&quot;:[]}}\" data-widget_type=\"nested-accordion.default\">\n\t\t\t\t\t\t\t<div class=\"e-n-accordion\" aria-label=\"Accordion. Open links with Enter or Space, close with Escape, and navigate with Arrow Keys\">\n\t\t\t\t\t\t<details id=\"e-n-accordion-item-1670\" class=\"e-n-accordion-item\" >\n\t\t\t\t<summary class=\"e-n-accordion-item-title\" data-accordion-index=\"1\" tabindex=\"0\" aria-expanded=\"false\" aria-controls=\"e-n-accordion-item-1670\" >\n\t\t\t\t\t<span class='e-n-accordion-item-title-header'><div class=\"e-n-accordion-item-title-text\"> 1. Initial consultation <\/div><\/span>\n\t\t\t\t\t\t\t<span class='e-n-accordion-item-title-icon'>\n\t\t\t<span class='e-opened' ><svg aria-hidden=\"true\" class=\"e-font-icon-svg e-fas-minus\" viewbox=\"0 0 448 512\" xmlns=\"http:\/\/www.w3.org\/2000\/svg\"><path d=\"M416 208H32c-17.67 0-32 14.33-32 32v32c0 17.67 14.33 32 32 32h384c17.67 0 32-14.33 32-32v-32c0-17.67-14.33-32-32-32z\"><\/path><\/svg><\/span>\n\t\t\t<span class='e-closed'><svg aria-hidden=\"true\" class=\"e-font-icon-svg e-fas-plus\" viewbox=\"0 0 448 512\" xmlns=\"http:\/\/www.w3.org\/2000\/svg\"><path d=\"M416 208H272V64c0-17.67-14.33-32-32-32h-32c-17.67 0-32 14.33-32 32v144H32c-17.67 0-32 14.33-32 32v32c0 17.67 14.33 32 32 32h144v144c0 17.67 14.33 32 32 32h32c17.67 0 32-14.33 32-32V304h144c17.67 0 32-14.33 32-32v-32c0-17.67-14.33-32-32-32z\"><\/path><\/svg><\/span>\n\t\t<\/span>\n\n\t\t\t\t\t\t<\/summary>\n\t\t\t\t<div role=\"region\" aria-labelledby=\"e-n-accordion-item-1670\" class=\"elementor-element elementor-element-e3507b8 e-con-full e-flex e-con e-child\" data-id=\"e3507b8\" data-element_type=\"container\" data-e-type=\"container\">\n\t\t\t\t<div class=\"elementor-element elementor-element-5f2caa4 elementor-widget elementor-widget-text-editor\" data-id=\"5f2caa4\" data-element_type=\"widget\" data-e-type=\"widget\" data-widget_type=\"text-editor.default\">\n\t\t\t\t\t\t\t\t\t<p>In a detailed consultation, we will examine you, clarify your questions and wishes and draw up an individual treatment and cost plan.<\/p>\t\t\t\t\t\t\t\t<\/div>\n\t\t\t\t<\/div>\n\t\t\t\t\t<\/details>\n\t\t\t\t\t\t<details id=\"e-n-accordion-item-1671\" class=\"e-n-accordion-item\" >\n\t\t\t\t<summary class=\"e-n-accordion-item-title\" data-accordion-index=\"2\" tabindex=\"-1\" aria-expanded=\"false\" aria-controls=\"e-n-accordion-item-1671\" >\n\t\t\t\t\t<span class='e-n-accordion-item-title-header'><div class=\"e-n-accordion-item-title-text\"> 2. Treatment or surgical procedure <\/div><\/span>\n\t\t\t\t\t\t\t<span class='e-n-accordion-item-title-icon'>\n\t\t\t<span class='e-opened' ><svg aria-hidden=\"true\" class=\"e-font-icon-svg e-fas-minus\" viewbox=\"0 0 448 512\" xmlns=\"http:\/\/www.w3.org\/2000\/svg\"><path d=\"M416 208H32c-17.67 0-32 14.33-32 32v32c0 17.67 14.33 32 32 32h384c17.67 0 32-14.33 32-32v-32c0-17.67-14.33-32-32-32z\"><\/path><\/svg><\/span>\n\t\t\t<span class='e-closed'><svg aria-hidden=\"true\" class=\"e-font-icon-svg e-fas-plus\" viewbox=\"0 0 448 512\" xmlns=\"http:\/\/www.w3.org\/2000\/svg\"><path d=\"M416 208H272V64c0-17.67-14.33-32-32-32h-32c-17.67 0-32 14.33-32 32v144H32c-17.67 0-32 14.33-32 32v32c0 17.67 14.33 32 32 32h144v144c0 17.67 14.33 32 32 32h32c17.67 0 32-14.33 32-32V304h144c17.67 0 32-14.33 32-32v-32c0-17.67-14.33-32-32-32z\"><\/path><\/svg><\/span>\n\t\t<\/span>\n\n\t\t\t\t\t\t<\/summary>\n\t\t\t\t<div role=\"region\" aria-labelledby=\"e-n-accordion-item-1671\" class=\"elementor-element elementor-element-3d512bd e-con-full e-flex e-con e-child\" data-id=\"3d512bd\" data-element_type=\"container\" data-e-type=\"container\">\n\t\t\t\t<\/div>\n\t\t\t\t\t<\/details>\n\t\t\t\t\t\t<details id=\"e-n-accordion-item-1672\" class=\"e-n-accordion-item\" >\n\t\t\t\t<summary class=\"e-n-accordion-item-title\" data-accordion-index=\"3\" tabindex=\"-1\" aria-expanded=\"false\" aria-controls=\"e-n-accordion-item-1672\" >\n\t\t\t\t\t<span class='e-n-accordion-item-title-header'><div class=\"e-n-accordion-item-title-text\"> 3. Aftercare <\/div><\/span>\n\t\t\t\t\t\t\t<span class='e-n-accordion-item-title-icon'>\n\t\t\t<span class='e-opened' ><svg aria-hidden=\"true\" class=\"e-font-icon-svg e-fas-minus\" viewbox=\"0 0 448 512\" xmlns=\"http:\/\/www.w3.org\/2000\/svg\"><path d=\"M416 208H32c-17.67 0-32 14.33-32 32v32c0 17.67 14.33 32 32 32h384c17.67 0 32-14.33 32-32v-32c0-17.67-14.33-32-32-32z\"><\/path><\/svg><\/span>\n\t\t\t<span class='e-closed'><svg aria-hidden=\"true\" class=\"e-font-icon-svg e-fas-plus\" viewbox=\"0 0 448 512\" xmlns=\"http:\/\/www.w3.org\/2000\/svg\"><path d=\"M416 208H272V64c0-17.67-14.33-32-32-32h-32c-17.67 0-32 14.33-32 32v144H32c-17.67 0-32 14.33-32 32v32c0 17.67 14.33 32 32 32h144v144c0 17.67 14.33 32 32 32h32c17.67 0 32-14.33 32-32V304h144c17.67 0 32-14.33 32-32v-32c0-17.67-14.33-32-32-32z\"><\/path><\/svg><\/span>\n\t\t<\/span>\n\n\t\t\t\t\t\t<\/summary>\n\t\t\t\t<div role=\"region\" aria-labelledby=\"e-n-accordion-item-1672\" class=\"elementor-element elementor-element-fc4566a e-con-full e-flex e-con e-child\" data-id=\"fc4566a\" data-element_type=\"container\" data-e-type=\"container\">\n\t\t\t\t<div class=\"elementor-element elementor-element-43ec3aa elementor-widget elementor-widget-text-editor\" data-id=\"43ec3aa\" data-element_type=\"widget\" data-e-type=\"widget\" data-widget_type=\"text-editor.default\">\n\t\t\t\t\t\t\t\t\t<p>After treatment or surgery, we provide you with comprehensive aftercare to ensure optimal, rapid healing and a satisfactory result.<\/p>\t\t\t\t\t\t\t\t<\/div>\n\t\t\t\t<\/div>\n\t\t\t\t\t<\/details>\n\t\t\t\t\t<\/div>\n\t\t\t\t\t\t<\/div>\n\t\t\t\t<\/div>\n\t\t\t\t<\/div>\n\t\t\t\t\t<\/div>\n\t\t\t\t<\/div>\n\t\t<div class=\"elementor-element elementor-element-9e534e2 e-flex e-con-boxed e-con e-parent\" data-id=\"9e534e2\" data-element_type=\"container\" data-e-type=\"container\">\n\t\t\t\t\t<div class=\"e-con-inner\">\n\t\t<div class=\"elementor-element elementor-element-185ec8c e-con-full e-flex e-con e-child\" data-id=\"185ec8c\" data-element_type=\"container\" data-e-type=\"container\">\n\t\t\t\t<div class=\"elementor-element elementor-element-4c06dd7 elementor-widget__width-initial elementor-widget-mobile__width-inherit elementor-widget elementor-widget-text-editor\" data-id=\"4c06dd7\" data-element_type=\"widget\" data-e-type=\"widget\" data-widget_type=\"text-editor.default\">\n\t\t\t\t\t\t\t\t\t<p>We cordially invite you to make an appointment for a personal consultation. Let's take the first step towards a fresher, youthful but natural appearance together - Your Team PlastCouture<\/p>\t\t\t\t\t\t\t\t<\/div>\n\t\t\t\t<div class=\"elementor-element elementor-element-f6066bf elementor-align-right elementor-widget elementor-widget-button\" data-id=\"f6066bf\" data-element_type=\"widget\" data-e-type=\"widget\" data-widget_type=\"button.default\">\n\t\t\t\t\t\t\t\t\t\t<a class=\"elementor-button elementor-button-link elementor-size-sm\" href=\"https:\/\/www.plastcouture.de\/en\/kontakt\/\">\n\t\t\t\t\t\t<span class=\"elementor-button-content-wrapper\">\n\t\t\t\t\t\t\t\t\t<span class=\"elementor-button-text\">Request Appointment<\/span>\n\t\t\t\t\t<\/span>\n\t\t\t\t\t<\/a>\n\t\t\t\t\t\t\t\t<\/div>\n\t\t\t\t<\/div>\n\t\t\t\t\t<\/div>\n\t\t\t\t<\/div>\n\t\t\t\t<\/div>","protected":false},"excerpt":{"rendered":"<p>PlastCouture Die Praxis f\u00fcr Plastisch-\u00c4sthetische Chirurgie in Bad Neuenahr Von Augenlidkorrekturen \u00fcber Faceliftings bis zur Faltenbehandlung \u2013PlastCouture bietet ein breites plastisch-\u00e4sthetisches Spektrum Unter den gesichtschirurgischen Eingriffen finden sich Ober- und Unterlidstraffungen, Face-\/Halsliftings, Unterspritzungen mit Eigenfett bzw. Ohrlochkorrekturen und Lippenvergr\u00f6\u00dferungen. Zu den Leistungen im Bereich der k\u00f6rperformenden Chirurgie geh\u00f6ren Oberarm- und Oberschenkelstraffungen sowie Bauchdeckenstraffungen (Abdominoplastiken) und [&hellip;]<\/p>\n","protected":false},"author":1,"featured_media":0,"parent":0,"menu_order":0,"comment_status":"closed","ping_status":"closed","template":"","meta":{"footnotes":""},"class_list":["post-735","page","type-page","status-publish","hentry"],"yoast_head":"<!-- This site is optimized with the Yoast SEO Premium plugin v26.3 (Yoast SEO v27.5) - https:\/\/yoast.com\/product\/yoast-seo-premium-wordpress\/ -->\n<title>Unsere Praxis - PlastCouture<\/title>\n<meta name=\"description\" content=\"Willkommen in der modernen Praxis PlastCouture in Bad Neuenahr. Hochwertige Ausstattung und neueste Technik f\u00fcr erstklassige Plastische und \u00c4sthetische Chirurgie.\" \/>\n<meta name=\"robots\" content=\"index, follow, max-snippet:-1, max-image-preview:large, max-video-preview:-1\" \/>\n<link rel=\"canonical\" href=\"https:\/\/www.plastcouture.de\/en\/praxis\/\" \/>\n<meta property=\"og:locale\" content=\"en_US\" \/>\n<meta property=\"og:type\" content=\"article\" \/>\n<meta property=\"og:title\" content=\"Praxis\" \/>\n<meta property=\"og:description\" content=\"Willkommen in der modernen Praxis PlastCouture in Bad Neuenahr. Hochwertige Ausstattung und neueste Technik f\u00fcr erstklassige Plastische und \u00c4sthetische Chirurgie.\" \/>\n<meta property=\"og:url\" content=\"https:\/\/www.plastcouture.de\/en\/praxis\/\" \/>\n<meta property=\"og:site_name\" content=\"PlastCouture\" \/>\n<meta property=\"article:publisher\" content=\"https:\/\/www.facebook.com\/plastcouture\" \/>\n<meta property=\"article:modified_time\" content=\"2024-11-29T15:20:08+00:00\" \/>\n<meta name=\"twitter:card\" content=\"summary_large_image\" \/>\n<meta name=\"twitter:label1\" content=\"Est. reading time\" \/>\n\t<meta name=\"twitter:data1\" content=\"3 minutes\" \/>\n<script type=\"application\/ld+json\" class=\"yoast-schema-graph\">{\"@context\":\"https:\\\/\\\/schema.org\",\"@graph\":[{\"@type\":\"WebPage\",\"@id\":\"https:\\\/\\\/www.plastcouture.de\\\/praxis\\\/\",\"url\":\"https:\\\/\\\/www.plastcouture.de\\\/praxis\\\/\",\"name\":\"Unsere Praxis - PlastCouture\",\"isPartOf\":{\"@id\":\"https:\\\/\\\/www.plastcouture.de\\\/#website\"},\"datePublished\":\"2024-08-28T13:57:41+00:00\",\"dateModified\":\"2024-11-29T15:20:08+00:00\",\"description\":\"Willkommen in der modernen Praxis PlastCouture in Bad Neuenahr. Hochwertige Ausstattung und neueste Technik f\u00fcr erstklassige Plastische und \u00c4sthetische Chirurgie.\",\"breadcrumb\":{\"@id\":\"https:\\\/\\\/www.plastcouture.de\\\/praxis\\\/#breadcrumb\"},\"inLanguage\":\"en-US\",\"potentialAction\":[{\"@type\":\"ReadAction\",\"target\":[\"https:\\\/\\\/www.plastcouture.de\\\/praxis\\\/\"]}]},{\"@type\":\"BreadcrumbList\",\"@id\":\"https:\\\/\\\/www.plastcouture.de\\\/praxis\\\/#breadcrumb\",\"itemListElement\":[{\"@type\":\"ListItem\",\"position\":1,\"name\":\"Startseite\",\"item\":\"https:\\\/\\\/www.plastcouture.de\\\/\"},{\"@type\":\"ListItem\",\"position\":2,\"name\":\"Praxis\"}]},{\"@type\":\"WebSite\",\"@id\":\"https:\\\/\\\/www.plastcouture.de\\\/#website\",\"url\":\"https:\\\/\\\/www.plastcouture.de\\\/\",\"name\":\"PlastCouture | Praxis f\u00fcr Plastische und \u00c4sthetische Chirurgie in Bad Neuenahr\",\"description\":\"\",\"publisher\":{\"@id\":\"https:\\\/\\\/www.plastcouture.de\\\/#organization\"},\"potentialAction\":[{\"@type\":\"SearchAction\",\"target\":{\"@type\":\"EntryPoint\",\"urlTemplate\":\"https:\\\/\\\/www.plastcouture.de\\\/?s={search_term_string}\"},\"query-input\":{\"@type\":\"PropertyValueSpecification\",\"valueRequired\":true,\"valueName\":\"search_term_string\"}}],\"inLanguage\":\"en-US\"},{\"@type\":\"Organization\",\"@id\":\"https:\\\/\\\/www.plastcouture.de\\\/#organization\",\"name\":\"PlastCouture\",\"url\":\"https:\\\/\\\/www.plastcouture.de\\\/\",\"logo\":{\"@type\":\"ImageObject\",\"inLanguage\":\"en-US\",\"@id\":\"https:\\\/\\\/www.plastcouture.de\\\/#\\\/schema\\\/logo\\\/image\\\/\",\"url\":\"https:\\\/\\\/www.plastcouture.de\\\/wp-content\\\/uploads\\\/2024\\\/06\\\/thumbnail_PlastCouture_Schriftzug_4c_weiss.png\",\"contentUrl\":\"https:\\\/\\\/www.plastcouture.de\\\/wp-content\\\/uploads\\\/2024\\\/06\\\/thumbnail_PlastCouture_Schriftzug_4c_weiss.png\",\"width\":945,\"height\":146,\"caption\":\"PlastCouture\"},\"image\":{\"@id\":\"https:\\\/\\\/www.plastcouture.de\\\/#\\\/schema\\\/logo\\\/image\\\/\"},\"sameAs\":[\"https:\\\/\\\/www.facebook.com\\\/plastcouture\",\"https:\\\/\\\/www.instagram.com\\\/plastcouture\\\/\"]}]}<\/script>\n<!-- \/ Yoast SEO Premium plugin. -->","yoast_head_json":{"title":"Unsere Praxis - PlastCouture","description":"Willkommen in der modernen Praxis PlastCouture in Bad Neuenahr. Hochwertige Ausstattung und neueste Technik f\u00fcr erstklassige Plastische und \u00c4sthetische Chirurgie.","robots":{"index":"index","follow":"follow","max-snippet":"max-snippet:-1","max-image-preview":"max-image-preview:large","max-video-preview":"max-video-preview:-1"},"canonical":"https:\/\/www.plastcouture.de\/en\/praxis\/","og_locale":"en_US","og_type":"article","og_title":"Praxis","og_description":"Willkommen in der modernen Praxis PlastCouture in Bad Neuenahr. Hochwertige Ausstattung und neueste Technik f\u00fcr erstklassige Plastische und \u00c4sthetische Chirurgie.","og_url":"https:\/\/www.plastcouture.de\/en\/praxis\/","og_site_name":"PlastCouture","article_publisher":"https:\/\/www.facebook.com\/plastcouture","article_modified_time":"2024-11-29T15:20:08+00:00","twitter_card":"summary_large_image","twitter_misc":{"Est. reading time":"3 minutes"},"schema":{"@context":"https:\/\/schema.org","@graph":[{"@type":"WebPage","@id":"https:\/\/www.plastcouture.de\/praxis\/","url":"https:\/\/www.plastcouture.de\/praxis\/","name":"Unsere Praxis - PlastCouture","isPartOf":{"@id":"https:\/\/www.plastcouture.de\/#website"},"datePublished":"2024-08-28T13:57:41+00:00","dateModified":"2024-11-29T15:20:08+00:00","description":"Willkommen in der modernen Praxis PlastCouture in Bad Neuenahr. Hochwertige Ausstattung und neueste Technik f\u00fcr erstklassige Plastische und \u00c4sthetische Chirurgie.","breadcrumb":{"@id":"https:\/\/www.plastcouture.de\/praxis\/#breadcrumb"},"inLanguage":"en-US","potentialAction":[{"@type":"ReadAction","target":["https:\/\/www.plastcouture.de\/praxis\/"]}]},{"@type":"BreadcrumbList","@id":"https:\/\/www.plastcouture.de\/praxis\/#breadcrumb","itemListElement":[{"@type":"ListItem","position":1,"name":"Startseite","item":"https:\/\/www.plastcouture.de\/"},{"@type":"ListItem","position":2,"name":"Praxis"}]},{"@type":"WebSite","@id":"https:\/\/www.plastcouture.de\/#website","url":"https:\/\/www.plastcouture.de\/","name":"PlastCouture | Praxis f\u00fcr Plastische und \u00c4sthetische Chirurgie in Bad Neuenahr","description":"","publisher":{"@id":"https:\/\/www.plastcouture.de\/#organization"},"potentialAction":[{"@type":"SearchAction","target":{"@type":"EntryPoint","urlTemplate":"https:\/\/www.plastcouture.de\/?s={search_term_string}"},"query-input":{"@type":"PropertyValueSpecification","valueRequired":true,"valueName":"search_term_string"}}],"inLanguage":"en-US"},{"@type":"Organization","@id":"https:\/\/www.plastcouture.de\/#organization","name":"PlastCouture","url":"https:\/\/www.plastcouture.de\/","logo":{"@type":"ImageObject","inLanguage":"en-US","@id":"https:\/\/www.plastcouture.de\/#\/schema\/logo\/image\/","url":"https:\/\/www.plastcouture.de\/wp-content\/uploads\/2024\/06\/thumbnail_PlastCouture_Schriftzug_4c_weiss.png","contentUrl":"https:\/\/www.plastcouture.de\/wp-content\/uploads\/2024\/06\/thumbnail_PlastCouture_Schriftzug_4c_weiss.png","width":945,"height":146,"caption":"PlastCouture"},"image":{"@id":"https:\/\/www.plastcouture.de\/#\/schema\/logo\/image\/"},"sameAs":["https:\/\/www.facebook.com\/plastcouture","https:\/\/www.instagram.com\/plastcouture\/"]}]}},"_links":{"self":[{"href":"https:\/\/www.plastcouture.de\/en\/wp-json\/wp\/v2\/pages\/735","targetHints":{"allow":["GET"]}}],"collection":[{"href":"https:\/\/www.plastcouture.de\/en\/wp-json\/wp\/v2\/pages"}],"about":[{"href":"https:\/\/www.plastcouture.de\/en\/wp-json\/wp\/v2\/types\/page"}],"author":[{"embeddable":true,"href":"https:\/\/www.plastcouture.de\/en\/wp-json\/wp\/v2\/users\/1"}],"replies":[{"embeddable":true,"href":"https:\/\/www.plastcouture.de\/en\/wp-json\/wp\/v2\/comments?post=735"}],"version-history":[{"count":10,"href":"https:\/\/www.plastcouture.de\/en\/wp-json\/wp\/v2\/pages\/735\/revisions"}],"predecessor-version":[{"id":1694,"href":"https:\/\/www.plastcouture.de\/en\/wp-json\/wp\/v2\/pages\/735\/revisions\/1694"}],"wp:attachment":[{"href":"https:\/\/www.plastcouture.de\/en\/wp-json\/wp\/v2\/media?parent=735"}],"curies":[{"name":"wp","href":"https:\/\/api.w.org\/{rel}","templated":true}]}}