{"id":1318,"date":"2024-10-18T16:37:51","date_gmt":"2024-10-18T14:37:51","guid":{"rendered":"http:\/\/wong.cyteq.cloud\/?page_id=1318"},"modified":"2024-11-27T12:39:04","modified_gmt":"2024-11-27T11:39:04","slug":"vita","status":"publish","type":"page","link":"https:\/\/www.plastcouture.de\/en\/vita\/","title":{"rendered":"CV &amp; Philosophy"},"content":{"rendered":"<div data-elementor-type=\"wp-page\" data-elementor-id=\"1318\" class=\"elementor elementor-1318\" data-elementor-post-type=\"page\">\n\t\t\t\t<div class=\"elementor-element elementor-element-269e119d e-flex e-con-boxed e-con e-parent\" data-id=\"269e119d\" data-element_type=\"container\" data-e-type=\"container\" data-settings=\"{&quot;background_background&quot;:&quot;classic&quot;}\">\n\t\t\t\t\t<div class=\"e-con-inner\">\n\t\t\t\t<div class=\"elementor-element elementor-element-67996f28 elementor-widget elementor-widget-heading\" data-id=\"67996f28\" data-element_type=\"widget\" data-e-type=\"widget\" data-widget_type=\"heading.default\">\n\t\t\t\t\t<h1 class=\"elementor-heading-title elementor-size-default\">Board certified Plastic Surgeon Dr. Peggy Wong<\/h1>\t\t\t\t<\/div>\n\t\t\t\t\t<\/div>\n\t\t\t\t<\/div>\n\t\t<div class=\"elementor-element elementor-element-5fd6f9bf e-flex e-con-boxed e-con e-parent\" data-id=\"5fd6f9bf\" data-element_type=\"container\" data-e-type=\"container\">\n\t\t\t\t\t<div class=\"e-con-inner\">\n\t\t<div class=\"elementor-element elementor-element-4f7346c6 e-con-full e-flex e-con e-child\" data-id=\"4f7346c6\" data-element_type=\"container\" data-e-type=\"container\">\n\t\t\t\t<div class=\"elementor-element elementor-element-8c0d4c9 elementor-widget elementor-widget-text-editor\" data-id=\"8c0d4c9\" data-element_type=\"widget\" data-e-type=\"widget\" data-widget_type=\"text-editor.default\">\n\t\t\t\t\t\t\t\t\t<p>CV &amp; Philosophy<\/p>\t\t\t\t\t\t\t\t<\/div>\n\t\t\t\t<div class=\"elementor-element elementor-element-7a1c9980 blocksatz elementor-widget elementor-widget-text-editor\" data-id=\"7a1c9980\" data-element_type=\"widget\" data-e-type=\"widget\" data-widget_type=\"text-editor.default\">\n\t\t\t\t\t\t\t\t\t<p class=\"bodytext\">My mission is to provide my patients the maximum and safest care by applying the latest medical state-of-the-art technologies. I have over 15 years\u2019 experience in surgical and non-invasive procedures in the field of plastic surgery. Combined with my passion for perfection and strong empathy skills I can meet your individual aesthetic wishes by offering you the most effective and suitable treatments.<\/p><p class=\"bodytext\">I am committed to your safety, well-being and especially your satisfaction at the highest quality standard.<\/p><p class=\"bodytext\">You can rest assured that I offer you honest, open and clear advice and I will achieve the best possible results for you.<\/p><p class=\"bodytext\">Treat yourself to the experience of having a fresh and youthful but natural look! We at PlastCouture look forward to your visit.<\/p><p><strong>Profile - Dr.  Peggy Wong<\/strong><\/p><p class=\"bodytext\">\u2022  Doctor of Medicine, The Georg-August University of Medicine, G\u00f6ttingen, Germany<br \/>\u2022 Medical training in Plastic and Reconstructive Surgery as well as in Cardiac and Vascular Surgery,  Central  Hospital for the Military Armed Forces, Koblenz, Germany<br \/>Trained as a specialist in plastic and cosmetic surgery at following hospitals in Germany :<br \/>\u2022 Plastic and Hand Surgery Department, Luisen Hospital, Aachen<br \/>(Chief physician Dr. Siegfried Grandel)<br \/>\u2022 Clinic for Plastic and Aesthetic Surgery, K\u00f6ln- Longerich<br \/>(Chief physician Dr. Sabine Andrea Kueppers)<br \/>\u2022 Department of Plastic Surgery and Burn Centre, Hand Surgery Centre, Surgerical  Centre for limb tumors, BG Clinics, Bergmannsheil Bochum<br \/>(Director of Department: Prof. Dr. Hans-Ulrich Steinau)<\/p><p class=\"bodytext\">Previously she served as senior physician of Plastic and Reconstructive Surgery at the Central Hospital for the Military Armed Forces in Koblenz and at a prestigious clinic for Aesthetic Plastic Surgery in Bergisch Gladbach.<\/p><p class=\"bodytext\">She participates in surgical missions at Ayder Referral Hospital in Mekelle to provide free reconstructive surgery for children.<\/p><p class=\"bodytext\">To remain dedicated at the forefront of her field and updating knowledge and surgery skills of the highest standard she regularly attends renowned national and international plastic surgery meetings and courses. A list of these meetings and\u00a0<a class=\"infolink\" href=\"https:\/\/www.plastcouture.de\/downloads\/Fort-und-Weiterbildungen-Dr-med-Peggy-Wong-PlastCouture-Bad-Neuenahr.pdf\" target=\"_blank\" rel=\"noopener\">courses can be viewed here.<\/a>.<\/p>\t\t\t\t\t\t\t\t<\/div>\n\t\t\t\t<\/div>\n\t\t<div class=\"elementor-element elementor-element-7360d0a3 e-con-full e-flex e-con e-child\" data-id=\"7360d0a3\" data-element_type=\"container\" data-e-type=\"container\">\n\t\t<div class=\"elementor-element elementor-element-3bcbf82 e-flex e-con-boxed e-con e-child\" data-id=\"3bcbf82\" data-element_type=\"container\" data-e-type=\"container\" data-settings=\"{&quot;background_background&quot;:&quot;classic&quot;}\">\n\t\t\t\t\t<div class=\"e-con-inner\">\n\t\t\t\t<div class=\"elementor-element elementor-element-b451a60 elementor-widget elementor-widget-image\" data-id=\"b451a60\" data-element_type=\"widget\" data-e-type=\"widget\" data-widget_type=\"image.default\">\n\t\t\t\t\t\t\t\t\t\t\t\t\t\t\t<img fetchpriority=\"high\" decoding=\"async\" width=\"800\" height=\"532\" src=\"https:\/\/www.plastcouture.de\/wp-content\/smush-webp\/2024\/06\/Z60_6243-1024x681.jpg.webp\" class=\"attachment-large size-large wp-image-321\" alt=\"\" srcset=\"https:\/\/www.plastcouture.de\/wp-content\/smush-webp\/2024\/06\/Z60_6243-1024x681.jpg.webp 1024w, https:\/\/www.plastcouture.de\/wp-content\/smush-webp\/2024\/06\/Z60_6243-300x200.jpg.webp 300w, https:\/\/www.plastcouture.de\/wp-content\/smush-webp\/2024\/06\/Z60_6243-768x511.jpg.webp 768w, https:\/\/www.plastcouture.de\/wp-content\/smush-webp\/2024\/06\/Z60_6243-1536x1022.jpg.webp 1536w, https:\/\/www.plastcouture.de\/wp-content\/smush-webp\/2024\/06\/Z60_6243-2048x1363.jpg.webp 2048w\" sizes=\"(max-width: 800px) 100vw, 800px\" \/>\t\t\t\t\t\t\t\t\t\t\t\t\t\t\t<\/div>\n\t\t\t\t\t<\/div>\n\t\t\t\t<\/div>\n\t\t<div class=\"elementor-element elementor-element-ed48455 e-con-full e-flex e-con e-child\" data-id=\"ed48455\" data-element_type=\"container\" data-e-type=\"container\" data-settings=\"{&quot;background_background&quot;:&quot;classic&quot;}\">\n\t\t\t\t<div class=\"elementor-element elementor-element-0cad153 elementor-widget elementor-widget-heading\" data-id=\"0cad153\" data-element_type=\"widget\" data-e-type=\"widget\" data-widget_type=\"heading.default\">\n\t\t\t\t\t<h2 class=\"elementor-heading-title elementor-size-default\">CONTACT INFO<\/h2>\t\t\t\t<\/div>\n\t\t\t\t<div class=\"elementor-element elementor-element-8b98204 elementor-widget elementor-widget-text-editor\" data-id=\"8b98204\" data-element_type=\"widget\" data-e-type=\"widget\" data-widget_type=\"text-editor.default\">\n\t\t\t\t\t\t\t\t\t<p><strong>APPOINTMENTS<br \/><\/strong>Tel. 02641-9188 422<\/p><p><strong>CONTACT<\/strong><br \/><a style=\"color: white;\" href=\"mailto:info@plastcouture.de\">info@plastcouture.de<\/a><\/p><p><strong>OFFICE<br \/><\/strong>Jesuitenstr. 11 A<br \/>53474 Bad Neuenahr<\/p>\t\t\t\t\t\t\t\t<\/div>\n\t\t\t\t<\/div>\n\t\t\t\t<\/div>\n\t\t\t\t\t<\/div>\n\t\t\t\t<\/div>\n\t\t\t\t<\/div>","protected":false},"excerpt":{"rendered":"<p>Fach\u00e4rztin Dr. med. Peggy Wong VITA Meine Philosophie ist es, mich der Anliegen meiner Patienten nach neuesten medizinischen Erkenntnissen und mit einem H\u00f6chstma\u00df an Sorgfalt anzunehmen. Ich verf\u00fcge hierzu \u00fcber die erforderliche Erfahrung, die Leidenschaft zur Perfektion und bringe vor allem das offene Ohr f\u00fcr die Belange meiner Patienten mit. Dabei setze ich modernste chirurgische [&hellip;]<\/p>\n","protected":false},"author":1,"featured_media":307,"parent":0,"menu_order":0,"comment_status":"closed","ping_status":"closed","template":"","meta":{"footnotes":""},"class_list":["post-1318","page","type-page","status-publish","has-post-thumbnail","hentry"],"yoast_head":"<!-- This site is optimized with the Yoast SEO Premium plugin v26.3 (Yoast SEO v27.5) - https:\/\/yoast.com\/product\/yoast-seo-premium-wordpress\/ -->\n<title>Dr. Peggy Wong - Fach\u00e4rztin f\u00fcr Plastische und \u00c4sthetische Chirurgie - PlastCouture<\/title>\n<meta name=\"description\" content=\"Dr. Peggy Wong \u2013 Ihre Expertin f\u00fcr Plastische und \u00c4sthetische Chirurgie in Bad Neuenahr. Mit \u00fcber 20 Jahren Erfahrung steht sie f\u00fcr h\u00f6chste Kompetenz und individuelle Beratung.\" \/>\n<meta name=\"robots\" content=\"index, follow, max-snippet:-1, max-image-preview:large, max-video-preview:-1\" \/>\n<link rel=\"canonical\" href=\"https:\/\/www.plastcouture.de\/en\/vita\/\" \/>\n<meta property=\"og:locale\" content=\"en_US\" \/>\n<meta property=\"og:type\" content=\"article\" \/>\n<meta property=\"og:title\" content=\"VITA\" \/>\n<meta property=\"og:description\" content=\"Dr. Peggy Wong \u2013 Ihre Expertin f\u00fcr Plastische und \u00c4sthetische Chirurgie in Bad Neuenahr. Mit \u00fcber 20 Jahren Erfahrung steht sie f\u00fcr h\u00f6chste Kompetenz und individuelle Beratung.\" \/>\n<meta property=\"og:url\" content=\"https:\/\/www.plastcouture.de\/en\/vita\/\" \/>\n<meta property=\"og:site_name\" content=\"PlastCouture\" \/>\n<meta property=\"article:publisher\" content=\"https:\/\/www.facebook.com\/plastcouture\" \/>\n<meta property=\"article:modified_time\" content=\"2024-11-27T11:39:04+00:00\" \/>\n<meta property=\"og:image\" content=\"https:\/\/www.plastcouture.de\/wp-content\/uploads\/2024\/06\/Z60_5954-scaled.jpg\" \/>\n\t<meta property=\"og:image:width\" content=\"2560\" \/>\n\t<meta property=\"og:image:height\" content=\"1703\" \/>\n\t<meta property=\"og:image:type\" content=\"image\/jpeg\" \/>\n<meta name=\"twitter:card\" content=\"summary_large_image\" \/>\n<meta name=\"twitter:label1\" content=\"Est. reading time\" \/>\n\t<meta name=\"twitter:data1\" content=\"3 minutes\" \/>\n<script type=\"application\/ld+json\" class=\"yoast-schema-graph\">{\"@context\":\"https:\\\/\\\/schema.org\",\"@graph\":[{\"@type\":\"WebPage\",\"@id\":\"https:\\\/\\\/www.plastcouture.de\\\/vita\\\/\",\"url\":\"https:\\\/\\\/www.plastcouture.de\\\/vita\\\/\",\"name\":\"Dr. Peggy Wong - Fach\u00e4rztin f\u00fcr Plastische und \u00c4sthetische Chirurgie - PlastCouture\",\"isPartOf\":{\"@id\":\"https:\\\/\\\/www.plastcouture.de\\\/#website\"},\"primaryImageOfPage\":{\"@id\":\"https:\\\/\\\/www.plastcouture.de\\\/vita\\\/#primaryimage\"},\"image\":{\"@id\":\"https:\\\/\\\/www.plastcouture.de\\\/vita\\\/#primaryimage\"},\"thumbnailUrl\":\"https:\\\/\\\/www.plastcouture.de\\\/wp-content\\\/uploads\\\/2024\\\/06\\\/Z60_5954-scaled.jpg\",\"datePublished\":\"2024-10-18T14:37:51+00:00\",\"dateModified\":\"2024-11-27T11:39:04+00:00\",\"description\":\"Dr. Peggy Wong \u2013 Ihre Expertin f\u00fcr Plastische und \u00c4sthetische Chirurgie in Bad Neuenahr. Mit \u00fcber 20 Jahren Erfahrung steht sie f\u00fcr h\u00f6chste Kompetenz und individuelle Beratung.\",\"breadcrumb\":{\"@id\":\"https:\\\/\\\/www.plastcouture.de\\\/vita\\\/#breadcrumb\"},\"inLanguage\":\"en-US\",\"potentialAction\":[{\"@type\":\"ReadAction\",\"target\":[\"https:\\\/\\\/www.plastcouture.de\\\/vita\\\/\"]}]},{\"@type\":\"ImageObject\",\"inLanguage\":\"en-US\",\"@id\":\"https:\\\/\\\/www.plastcouture.de\\\/vita\\\/#primaryimage\",\"url\":\"https:\\\/\\\/www.plastcouture.de\\\/wp-content\\\/uploads\\\/2024\\\/06\\\/Z60_5954-scaled.jpg\",\"contentUrl\":\"https:\\\/\\\/www.plastcouture.de\\\/wp-content\\\/uploads\\\/2024\\\/06\\\/Z60_5954-scaled.jpg\",\"width\":2560,\"height\":1703},{\"@type\":\"BreadcrumbList\",\"@id\":\"https:\\\/\\\/www.plastcouture.de\\\/vita\\\/#breadcrumb\",\"itemListElement\":[{\"@type\":\"ListItem\",\"position\":1,\"name\":\"Startseite\",\"item\":\"https:\\\/\\\/www.plastcouture.de\\\/\"},{\"@type\":\"ListItem\",\"position\":2,\"name\":\"VITA\"}]},{\"@type\":\"WebSite\",\"@id\":\"https:\\\/\\\/www.plastcouture.de\\\/#website\",\"url\":\"https:\\\/\\\/www.plastcouture.de\\\/\",\"name\":\"PlastCouture | Praxis f\u00fcr Plastische und \u00c4sthetische Chirurgie in Bad Neuenahr\",\"description\":\"\",\"publisher\":{\"@id\":\"https:\\\/\\\/www.plastcouture.de\\\/#organization\"},\"potentialAction\":[{\"@type\":\"SearchAction\",\"target\":{\"@type\":\"EntryPoint\",\"urlTemplate\":\"https:\\\/\\\/www.plastcouture.de\\\/?s={search_term_string}\"},\"query-input\":{\"@type\":\"PropertyValueSpecification\",\"valueRequired\":true,\"valueName\":\"search_term_string\"}}],\"inLanguage\":\"en-US\"},{\"@type\":\"Organization\",\"@id\":\"https:\\\/\\\/www.plastcouture.de\\\/#organization\",\"name\":\"PlastCouture\",\"url\":\"https:\\\/\\\/www.plastcouture.de\\\/\",\"logo\":{\"@type\":\"ImageObject\",\"inLanguage\":\"en-US\",\"@id\":\"https:\\\/\\\/www.plastcouture.de\\\/#\\\/schema\\\/logo\\\/image\\\/\",\"url\":\"https:\\\/\\\/www.plastcouture.de\\\/wp-content\\\/uploads\\\/2024\\\/06\\\/thumbnail_PlastCouture_Schriftzug_4c_weiss.png\",\"contentUrl\":\"https:\\\/\\\/www.plastcouture.de\\\/wp-content\\\/uploads\\\/2024\\\/06\\\/thumbnail_PlastCouture_Schriftzug_4c_weiss.png\",\"width\":945,\"height\":146,\"caption\":\"PlastCouture\"},\"image\":{\"@id\":\"https:\\\/\\\/www.plastcouture.de\\\/#\\\/schema\\\/logo\\\/image\\\/\"},\"sameAs\":[\"https:\\\/\\\/www.facebook.com\\\/plastcouture\",\"https:\\\/\\\/www.instagram.com\\\/plastcouture\\\/\"]}]}<\/script>\n<!-- \/ Yoast SEO Premium plugin. -->","yoast_head_json":{"title":"Dr. Peggy Wong - Fach\u00e4rztin f\u00fcr Plastische und \u00c4sthetische Chirurgie - PlastCouture","description":"Dr. Peggy Wong \u2013 Ihre Expertin f\u00fcr Plastische und \u00c4sthetische Chirurgie in Bad Neuenahr. Mit \u00fcber 20 Jahren Erfahrung steht sie f\u00fcr h\u00f6chste Kompetenz und individuelle Beratung.","robots":{"index":"index","follow":"follow","max-snippet":"max-snippet:-1","max-image-preview":"max-image-preview:large","max-video-preview":"max-video-preview:-1"},"canonical":"https:\/\/www.plastcouture.de\/en\/vita\/","og_locale":"en_US","og_type":"article","og_title":"VITA","og_description":"Dr. Peggy Wong \u2013 Ihre Expertin f\u00fcr Plastische und \u00c4sthetische Chirurgie in Bad Neuenahr. Mit \u00fcber 20 Jahren Erfahrung steht sie f\u00fcr h\u00f6chste Kompetenz und individuelle Beratung.","og_url":"https:\/\/www.plastcouture.de\/en\/vita\/","og_site_name":"PlastCouture","article_publisher":"https:\/\/www.facebook.com\/plastcouture","article_modified_time":"2024-11-27T11:39:04+00:00","og_image":[{"width":2560,"height":1703,"url":"https:\/\/www.plastcouture.de\/wp-content\/uploads\/2024\/06\/Z60_5954-scaled.jpg","type":"image\/jpeg"}],"twitter_card":"summary_large_image","twitter_misc":{"Est. reading time":"3 minutes"},"schema":{"@context":"https:\/\/schema.org","@graph":[{"@type":"WebPage","@id":"https:\/\/www.plastcouture.de\/vita\/","url":"https:\/\/www.plastcouture.de\/vita\/","name":"Dr. Peggy Wong - Fach\u00e4rztin f\u00fcr Plastische und \u00c4sthetische Chirurgie - PlastCouture","isPartOf":{"@id":"https:\/\/www.plastcouture.de\/#website"},"primaryImageOfPage":{"@id":"https:\/\/www.plastcouture.de\/vita\/#primaryimage"},"image":{"@id":"https:\/\/www.plastcouture.de\/vita\/#primaryimage"},"thumbnailUrl":"https:\/\/www.plastcouture.de\/wp-content\/uploads\/2024\/06\/Z60_5954-scaled.jpg","datePublished":"2024-10-18T14:37:51+00:00","dateModified":"2024-11-27T11:39:04+00:00","description":"Dr. Peggy Wong \u2013 Ihre Expertin f\u00fcr Plastische und \u00c4sthetische Chirurgie in Bad Neuenahr. Mit \u00fcber 20 Jahren Erfahrung steht sie f\u00fcr h\u00f6chste Kompetenz und individuelle Beratung.","breadcrumb":{"@id":"https:\/\/www.plastcouture.de\/vita\/#breadcrumb"},"inLanguage":"en-US","potentialAction":[{"@type":"ReadAction","target":["https:\/\/www.plastcouture.de\/vita\/"]}]},{"@type":"ImageObject","inLanguage":"en-US","@id":"https:\/\/www.plastcouture.de\/vita\/#primaryimage","url":"https:\/\/www.plastcouture.de\/wp-content\/uploads\/2024\/06\/Z60_5954-scaled.jpg","contentUrl":"https:\/\/www.plastcouture.de\/wp-content\/uploads\/2024\/06\/Z60_5954-scaled.jpg","width":2560,"height":1703},{"@type":"BreadcrumbList","@id":"https:\/\/www.plastcouture.de\/vita\/#breadcrumb","itemListElement":[{"@type":"ListItem","position":1,"name":"Startseite","item":"https:\/\/www.plastcouture.de\/"},{"@type":"ListItem","position":2,"name":"VITA"}]},{"@type":"WebSite","@id":"https:\/\/www.plastcouture.de\/#website","url":"https:\/\/www.plastcouture.de\/","name":"PlastCouture | Praxis f\u00fcr Plastische und \u00c4sthetische Chirurgie in Bad Neuenahr","description":"","publisher":{"@id":"https:\/\/www.plastcouture.de\/#organization"},"potentialAction":[{"@type":"SearchAction","target":{"@type":"EntryPoint","urlTemplate":"https:\/\/www.plastcouture.de\/?s={search_term_string}"},"query-input":{"@type":"PropertyValueSpecification","valueRequired":true,"valueName":"search_term_string"}}],"inLanguage":"en-US"},{"@type":"Organization","@id":"https:\/\/www.plastcouture.de\/#organization","name":"PlastCouture","url":"https:\/\/www.plastcouture.de\/","logo":{"@type":"ImageObject","inLanguage":"en-US","@id":"https:\/\/www.plastcouture.de\/#\/schema\/logo\/image\/","url":"https:\/\/www.plastcouture.de\/wp-content\/uploads\/2024\/06\/thumbnail_PlastCouture_Schriftzug_4c_weiss.png","contentUrl":"https:\/\/www.plastcouture.de\/wp-content\/uploads\/2024\/06\/thumbnail_PlastCouture_Schriftzug_4c_weiss.png","width":945,"height":146,"caption":"PlastCouture"},"image":{"@id":"https:\/\/www.plastcouture.de\/#\/schema\/logo\/image\/"},"sameAs":["https:\/\/www.facebook.com\/plastcouture","https:\/\/www.instagram.com\/plastcouture\/"]}]}},"_links":{"self":[{"href":"https:\/\/www.plastcouture.de\/en\/wp-json\/wp\/v2\/pages\/1318","targetHints":{"allow":["GET"]}}],"collection":[{"href":"https:\/\/www.plastcouture.de\/en\/wp-json\/wp\/v2\/pages"}],"about":[{"href":"https:\/\/www.plastcouture.de\/en\/wp-json\/wp\/v2\/types\/page"}],"author":[{"embeddable":true,"href":"https:\/\/www.plastcouture.de\/en\/wp-json\/wp\/v2\/users\/1"}],"replies":[{"embeddable":true,"href":"https:\/\/www.plastcouture.de\/en\/wp-json\/wp\/v2\/comments?post=1318"}],"version-history":[{"count":10,"href":"https:\/\/www.plastcouture.de\/en\/wp-json\/wp\/v2\/pages\/1318\/revisions"}],"predecessor-version":[{"id":1589,"href":"https:\/\/www.plastcouture.de\/en\/wp-json\/wp\/v2\/pages\/1318\/revisions\/1589"}],"wp:featuredmedia":[{"embeddable":true,"href":"https:\/\/www.plastcouture.de\/en\/wp-json\/wp\/v2\/media\/307"}],"wp:attachment":[{"href":"https:\/\/www.plastcouture.de\/en\/wp-json\/wp\/v2\/media?parent=1318"}],"curies":[{"name":"wp","href":"https:\/\/api.w.org\/{rel}","templated":true}]}}